{"id":25,"date":"2016-01-07T18:27:46","date_gmt":"2016-01-07T17:27:46","guid":{"rendered":"http:\/\/www.nierenzentrum-rheintal.ch\/?page_id=25"},"modified":"2020-05-07T15:54:09","modified_gmt":"2020-05-07T14:54:09","slug":"praxis-altstaetten","status":"publish","type":"page","link":"https:\/\/www.nierenzentrum-rheintal.ch\/?page_id=25","title":{"rendered":"Hausarzt und Nephrologische Praxis mit Dialysestation"},"content":{"rendered":"<h3>Praxis<\/h3>\n<p><img loading=\"lazy\" decoding=\"async\" class=\"alignleft size-thumbnail wp-image-317\" src=\"https:\/\/www.nierenzentrum-rheintal.ch\/wp-content\/uploads\/2018\/01\/IMG_9138-150x150.jpg\" alt=\"\" width=\"150\" height=\"150\" \/><img loading=\"lazy\" decoding=\"async\" class=\"alignleft size-thumbnail wp-image-316\" src=\"https:\/\/www.nierenzentrum-rheintal.ch\/wp-content\/uploads\/2018\/01\/IMG_9025-150x150.jpg\" alt=\"\" width=\"150\" height=\"150\" \/><img loading=\"lazy\" decoding=\"async\" class=\"alignleft size-thumbnail wp-image-334\" src=\"https:\/\/www.nierenzentrum-rheintal.ch\/wp-content\/uploads\/2018\/01\/IMG_9026-150x150.jpg\" alt=\"\" width=\"150\" height=\"150\" \/><\/p>\n<p>&nbsp;<\/p>\n<p>&nbsp;<\/p>\n<p>&nbsp;<\/p>\n<p>&nbsp;<\/p>\n<p>&nbsp;<\/p>\n<p>&nbsp;<\/p>\n<p>&nbsp;<\/p>\n<p><strong>Haus\u00e4rztliche Praxis Altst\u00e4tten &#8211; Angebot<\/strong><\/p>\n<p><strong>\u00a0<\/strong><\/p>\n<p>Medizinische Grundversorgung (Ausnahme Frauenkrankheiten)<\/p>\n<ul>\n<li>EKG, Belastungs-EKG,<\/li>\n<li>Lungenfunktion, n\u00e4chtliche Pulsoxymetrie<\/li>\n<li>Digitales R\u00f6ntgen,<\/li>\n<li>Ultraschalluntersuchungen einschliesslich Gef\u00e4ssdarstellungen<\/li>\n<li>Gelenkspunktionen<\/li>\n<li>Kleinchirurgische Eingriffe, Wundversorgung<\/li>\n<li>Praxislabor<\/li>\n<li>Praxisapotheke<\/li>\n<li>Vorsorgeuntersuchungen<\/li>\n<\/ul>\n<p>&nbsp;<\/p>\n<p><strong>Nephrologische Praxis Altst\u00e4tten &#8211; Angebot<\/strong><\/p>\n<p>&nbsp;<\/p>\n<p>Als Nephrologen:<\/p>\n<p>&nbsp;<\/p>\n<ul>\n<li>Abkl\u00e4rung von Nierenkrankheiten<\/li>\n<li>Konsiliardienst bei Proteinurie und Niereninsuffizienz<\/li>\n<li>Alleinige Urinsedimentbeurteilung f\u00fcr Kollegen<\/li>\n<li>Steuerung immunsupressive Therapie<\/li>\n<li>Abkl\u00e4rung therapierefrakt\u00e4rer und sekund\u00e4rer Hypertonieformen<\/li>\n<li>einschliesslich Nierenarterienduplexsonographie<\/li>\n<li>Sonographische und metabolische Abkl\u00e4rung von Harnsteinleiden<\/li>\n<li>H\u00e4modialyse<\/li>\n<li>Peritonealdialyse<\/li>\n<li>Betreuung und Monitoring nierentransplantierter Patienten<\/li>\n<li>Ggf. palliative Mitbetreuung terminal niereninsuffizienter Patienten<\/li>\n<li>Vorbereitungsuntersuchungen zu Nierentransplantation und Lebendspende<\/li>\n<\/ul>\n<p>&nbsp;<\/p>\n<p>&nbsp;<\/p>\n<h3>Dialyse<\/h3>\n<p><img loading=\"lazy\" decoding=\"async\" class=\"alignleft size-thumbnail wp-image-395\" src=\"https:\/\/www.nierenzentrum-rheintal.ch\/wp-content\/uploads\/2018\/01\/DSC_0403-150x150.jpg\" alt=\"\" width=\"150\" height=\"150\" \/><img loading=\"lazy\" decoding=\"async\" class=\"alignleft size-thumbnail wp-image-396\" src=\"https:\/\/www.nierenzentrum-rheintal.ch\/wp-content\/uploads\/2018\/01\/DSC_0402-150x150.jpg\" alt=\"\" width=\"150\" height=\"150\" \/><img loading=\"lazy\" decoding=\"async\" class=\"alignleft size-thumbnail wp-image-401\" src=\"https:\/\/www.nierenzentrum-rheintal.ch\/wp-content\/uploads\/2018\/01\/IMG_8989-150x150.jpg\" alt=\"\" width=\"150\" height=\"150\" \/><\/p>\n<p>&nbsp;<\/p>\n<p>&nbsp;<\/p>\n<p>&nbsp;<\/p>\n<p>&nbsp;<\/p>\n<p>&nbsp;<\/p>\n<p>&nbsp;<\/p>\n<p>Auf unserer Dialysestation haben wir 9 Behandlungspl\u00e4tze. Die R\u00e4ume sind angenehm hell und im Erdgeschoss rollstuhlg\u00e4ngig.<\/p>\n<p>Die Station ist von Montag bis Samstag im 2- Schichtbetrieb ge\u00f6ffnet.<\/p>\n<p>Wir legen grossen Wert auf ein engagiertes und pers\u00f6nliches Ambiente, um Ihren Aufenthalt m\u00f6glichst angenehm zu gestalten.<\/p>\n<p>W\u00e4hrend der Behandlungszeit haben die Patienten die M\u00f6glichkeit zu lesen, TV zu schauen oder das kostenlose W-LAN zu n\u00fctzen.<\/p>\n<p>&nbsp;<\/p>\n<p><strong>Feriendialyse:<\/strong><\/p>\n<p>Ferienpatienten sind auf Anfrage herzlich Willkommen.<\/p>\n<p>Anfragen Tel: 0041 71 757 87 68 und <a href=\"mailto:dialyse@nierenzentrum-rheinal.ch\">dialyse@nierenzentrum-rheintal.ch<\/a><\/p>\n<p><strong>\u00a0<\/strong><\/p>\n<p>&nbsp;<\/p>\n<p>&nbsp;<\/p>\n<p>&nbsp;<\/p>\n","protected":false},"excerpt":{"rendered":"<p>Praxis &nbsp; &nbsp; &nbsp; &nbsp; &nbsp; &nbsp; &nbsp; Haus\u00e4rztliche Praxis Altst\u00e4tten &#8211; Angebot \u00a0 Medizinische Grundversorgung (Ausnahme Frauenkrankheiten) EKG, Belastungs-EKG, Lungenfunktion, n\u00e4chtliche Pulsoxymetrie Digitales R\u00f6ntgen, Ultraschalluntersuchungen einschliesslich Gef\u00e4ssdarstellungen Gelenkspunktionen Kleinchirurgische Eingriffe, Wundversorgung Praxislabor Praxisapotheke Vorsorgeuntersuchungen &nbsp; Nephrologische Praxis Altst\u00e4tten &#8211; &hellip; <a href=\"https:\/\/www.nierenzentrum-rheintal.ch\/?page_id=25\">Weiter<\/a><\/p>\n","protected":false},"author":1,"featured_media":0,"parent":20,"menu_order":0,"comment_status":"closed","ping_status":"closed","template":"page-sidebar.php","meta":{"kt_blocks_editor_width":"","footnotes":""},"class_list":["post-25","page","type-page","status-publish","hentry"],"_links":{"self":[{"href":"https:\/\/www.nierenzentrum-rheintal.ch\/index.php?rest_route=\/wp\/v2\/pages\/25","targetHints":{"allow":["GET"]}}],"collection":[{"href":"https:\/\/www.nierenzentrum-rheintal.ch\/index.php?rest_route=\/wp\/v2\/pages"}],"about":[{"href":"https:\/\/www.nierenzentrum-rheintal.ch\/index.php?rest_route=\/wp\/v2\/types\/page"}],"author":[{"embeddable":true,"href":"https:\/\/www.nierenzentrum-rheintal.ch\/index.php?rest_route=\/wp\/v2\/users\/1"}],"replies":[{"embeddable":true,"href":"https:\/\/www.nierenzentrum-rheintal.ch\/index.php?rest_route=%2Fwp%2Fv2%2Fcomments&post=25"}],"version-history":[{"count":12,"href":"https:\/\/www.nierenzentrum-rheintal.ch\/index.php?rest_route=\/wp\/v2\/pages\/25\/revisions"}],"predecessor-version":[{"id":497,"href":"https:\/\/www.nierenzentrum-rheintal.ch\/index.php?rest_route=\/wp\/v2\/pages\/25\/revisions\/497"}],"up":[{"embeddable":true,"href":"https:\/\/www.nierenzentrum-rheintal.ch\/index.php?rest_route=\/wp\/v2\/pages\/20"}],"wp:attachment":[{"href":"https:\/\/www.nierenzentrum-rheintal.ch\/index.php?rest_route=%2Fwp%2Fv2%2Fmedia&parent=25"}],"curies":[{"name":"wp","href":"https:\/\/api.w.org\/{rel}","templated":true}]}}