{"id":31,"date":"2016-01-07T18:30:29","date_gmt":"2016-01-07T17:30:29","guid":{"rendered":"http:\/\/www.nierenzentrum-rheintal.ch\/?page_id=31"},"modified":"2023-02-09T15:58:57","modified_gmt":"2023-02-09T14:58:57","slug":"praxis-schaan","status":"publish","type":"page","link":"https:\/\/www.nierenzentrum-rheintal.ch\/?page_id=31","title":{"rendered":"Nephrologische Praxis &#038; Dialysestation"},"content":{"rendered":"\n<h3 class=\"wp-block-heading\">Praxis<\/h3>\n\n\n\n<div class=\"wp-block-group\"><div class=\"wp-block-group__inner-container is-layout-constrained wp-block-group-is-layout-constrained\">\n<div class=\"wp-block-columns is-layout-flex wp-container-core-columns-is-layout-9d6595d7 wp-block-columns-is-layout-flex\">\n<div class=\"wp-block-column is-layout-flow wp-block-column-is-layout-flow\" style=\"flex-basis:33.34%\">\n<figure class=\"wp-block-image size-large\"><a href=\"https:\/\/www.nierenzentrum-rheintal.ch\/wp-content\/uploads\/2018\/01\/IMG_0176.jpg\"><img loading=\"lazy\" decoding=\"async\" width=\"1024\" height=\"683\" src=\"https:\/\/www.nierenzentrum-rheintal.ch\/wp-content\/uploads\/2018\/01\/IMG_0176-1024x683.jpg\" alt=\"\" class=\"wp-image-373\" srcset=\"https:\/\/www.nierenzentrum-rheintal.ch\/wp-content\/uploads\/2018\/01\/IMG_0176-1024x683.jpg 1024w, https:\/\/www.nierenzentrum-rheintal.ch\/wp-content\/uploads\/2018\/01\/IMG_0176-300x200.jpg 300w, https:\/\/www.nierenzentrum-rheintal.ch\/wp-content\/uploads\/2018\/01\/IMG_0176-768x512.jpg 768w\" sizes=\"auto, (max-width: 1024px) 100vw, 1024px\" \/><\/a><\/figure>\n<\/div>\n\n\n\n<div class=\"wp-block-column is-layout-flow wp-block-column-is-layout-flow\" style=\"flex-basis:33.34%\">\n<figure class=\"wp-block-image size-full\"><a href=\"https:\/\/www.nierenzentrum-rheintal.ch\/wp-content\/uploads\/2018\/01\/IMG_5752.jpg\"><img loading=\"lazy\" decoding=\"async\" width=\"640\" height=\"426\" src=\"https:\/\/www.nierenzentrum-rheintal.ch\/wp-content\/uploads\/2018\/01\/IMG_5752.jpg\" alt=\"\" class=\"wp-image-375\" srcset=\"https:\/\/www.nierenzentrum-rheintal.ch\/wp-content\/uploads\/2018\/01\/IMG_5752.jpg 640w, https:\/\/www.nierenzentrum-rheintal.ch\/wp-content\/uploads\/2018\/01\/IMG_5752-300x200.jpg 300w\" sizes=\"auto, (max-width: 640px) 100vw, 640px\" \/><\/a><\/figure>\n<\/div>\n\n\n\n<div class=\"wp-block-column is-layout-flow wp-block-column-is-layout-flow\" style=\"flex-basis:33.33%\">\n<figure class=\"wp-block-image size-large is-resized\"><a href=\"https:\/\/www.nierenzentrum-rheintal.ch\/wp-content\/uploads\/2018\/01\/IMG_0174-e1516180009736.jpg\"><img loading=\"lazy\" decoding=\"async\" src=\"https:\/\/www.nierenzentrum-rheintal.ch\/wp-content\/uploads\/2018\/01\/IMG_0174-e1516180009736-1024x842.jpg\" alt=\"\" class=\"wp-image-371\" width=\"212\" height=\"174\" srcset=\"https:\/\/www.nierenzentrum-rheintal.ch\/wp-content\/uploads\/2018\/01\/IMG_0174-e1516180009736-1024x842.jpg 1024w, https:\/\/www.nierenzentrum-rheintal.ch\/wp-content\/uploads\/2018\/01\/IMG_0174-e1516180009736-300x247.jpg 300w, https:\/\/www.nierenzentrum-rheintal.ch\/wp-content\/uploads\/2018\/01\/IMG_0174-e1516180009736-768x631.jpg 768w\" sizes=\"auto, (max-width: 212px) 100vw, 212px\" \/><\/a><\/figure>\n<\/div>\n<\/div>\n<\/div><\/div>\n\n\n\n<ul class=\"wp-block-list\">\n<li>Abkl\u00e4rung von Nierenkrankheiten<\/li>\n\n\n\n<li>Steuerung immunsupressive Therapie<\/li>\n\n\n\n<li>Konsiliardienst bei Proteinurie und Niereninsuffizienz<\/li>\n\n\n\n<li>Alleinige Urinsedimentbeurteilung f\u00fcr Kollegen<\/li>\n\n\n\n<li>Abkl\u00e4rung therapierefrakt\u00e4rer und sekund\u00e4rer Hypertonieformen<\/li>\n\n\n\n<li>einschliesslich Nierenarterienduplexsonographie<\/li>\n\n\n\n<li>Sonographische und metabolische Abkl\u00e4rung von Harnsteinleiden<\/li>\n\n\n\n<li>Vorbereitungen zur H\u00e4modialyse und<\/li>\n\n\n\n<li>Peritonealdialyse<\/li>\n\n\n\n<li>Betreuung und Monitoring nierentransplantierter Patienten<\/li>\n\n\n\n<li>Ggf. palliative Mitbetreuung terminal niereninsuffizienter Patienten<\/li>\n\n\n\n<li>Vorbereitungsuntersuchungen zu Nierentransplantation und Lebendspende<\/li>\n<\/ul>\n\n\n\n<hr class=\"wp-block-separator has-alpha-channel-opacity\"\/>\n\n\n\n<h3 class=\"wp-block-heading\">Dialyse<\/h3>\n\n\n\n<div class=\"wp-block-columns is-layout-flex wp-container-core-columns-is-layout-9d6595d7 wp-block-columns-is-layout-flex\">\n<div class=\"wp-block-column is-layout-flow wp-block-column-is-layout-flow\"><div class=\"wp-block-image\">\n<figure class=\"alignright size-large is-resized\"><a href=\"https:\/\/www.nierenzentrum-rheintal.ch\/wp-content\/uploads\/2023\/02\/IMG_3154-scaled-e1675954014455.jpg\"><img loading=\"lazy\" decoding=\"async\" src=\"https:\/\/www.nierenzentrum-rheintal.ch\/wp-content\/uploads\/2023\/02\/IMG_3154-768x1024.jpg\" alt=\"\" class=\"wp-image-629\" width=\"192\" height=\"256\"\/><\/a><\/figure>\n<\/div><\/div>\n\n\n\n<div class=\"wp-block-column is-layout-flow wp-block-column-is-layout-flow\"><div class=\"wp-block-image\">\n<figure class=\"alignleft size-large is-resized\"><a href=\"https:\/\/www.nierenzentrum-rheintal.ch\/wp-content\/uploads\/2023\/02\/Praxis-scaled.jpg\"><img loading=\"lazy\" decoding=\"async\" src=\"https:\/\/www.nierenzentrum-rheintal.ch\/wp-content\/uploads\/2023\/02\/Praxis-768x1024.jpg\" alt=\"\" class=\"wp-image-631\" width=\"192\" height=\"256\" srcset=\"https:\/\/www.nierenzentrum-rheintal.ch\/wp-content\/uploads\/2023\/02\/Praxis-768x1024.jpg 768w, https:\/\/www.nierenzentrum-rheintal.ch\/wp-content\/uploads\/2023\/02\/Praxis-225x300.jpg 225w, https:\/\/www.nierenzentrum-rheintal.ch\/wp-content\/uploads\/2023\/02\/Praxis-1152x1536.jpg 1152w, https:\/\/www.nierenzentrum-rheintal.ch\/wp-content\/uploads\/2023\/02\/Praxis-1536x2048.jpg 1536w, https:\/\/www.nierenzentrum-rheintal.ch\/wp-content\/uploads\/2023\/02\/Praxis-scaled.jpg 1920w\" sizes=\"auto, (max-width: 192px) 100vw, 192px\" \/><\/a><\/figure>\n<\/div><\/div>\n<\/div>\n\n\n\n<p><\/p>\n\n\n\n<p><\/p>\n\n\n\n<ul class=\"wp-block-list\">\n<li>Auf unserer Dialysestation in Schaan haben wir 15 Behandlungspl\u00e4tze. Die R\u00e4ume sind angenehm hell und rollstuhlg\u00e4ngig.<\/li>\n\n\n\n<li>Die Station ist von Montag bis Samstag im 2- Schichtbetrieb ge\u00f6ffnet.<\/li>\n\n\n\n<li>Wir legen grossen Wert auf ein engagiertes und pers\u00f6nliches Ambiente, um Ihren Aufenthalt m\u00f6glichst angenehm zu gestalten.<\/li>\n\n\n\n<li>W\u00e4hrend der Behandlungszeit haben die Patienten die M\u00f6glichkeit zu lesen, TV zu schauen oder das kostenlose W-LAN zu n\u00fctzen.<\/li>\n<\/ul>\n\n\n\n<p><strong>Feriendialyse:<\/strong><\/p>\n\n\n\n<p>Ferienpatienten sind auf Anfrage herzlich Willkommen.<\/p>\n\n\n\n<p>Anfragen Tel: 00423 239 64 65 und <a href=\"mailto:nierenzentrum@hin.li\">nierenzentrum@hin.li<\/a><\/p>\n","protected":false},"excerpt":{"rendered":"<p>Praxis Dialyse Feriendialyse: Ferienpatienten sind auf Anfrage herzlich Willkommen. Anfragen Tel: 00423 239 64 65 und nierenzentrum@hin.li<\/p>\n","protected":false},"author":1,"featured_media":0,"parent":20,"menu_order":2,"comment_status":"closed","ping_status":"closed","template":"page-sidebar.php","meta":{"kt_blocks_editor_width":"","footnotes":""},"class_list":["post-31","page","type-page","status-publish","hentry"],"_links":{"self":[{"href":"https:\/\/www.nierenzentrum-rheintal.ch\/index.php?rest_route=\/wp\/v2\/pages\/31","targetHints":{"allow":["GET"]}}],"collection":[{"href":"https:\/\/www.nierenzentrum-rheintal.ch\/index.php?rest_route=\/wp\/v2\/pages"}],"about":[{"href":"https:\/\/www.nierenzentrum-rheintal.ch\/index.php?rest_route=\/wp\/v2\/types\/page"}],"author":[{"embeddable":true,"href":"https:\/\/www.nierenzentrum-rheintal.ch\/index.php?rest_route=\/wp\/v2\/users\/1"}],"replies":[{"embeddable":true,"href":"https:\/\/www.nierenzentrum-rheintal.ch\/index.php?rest_route=%2Fwp%2Fv2%2Fcomments&post=31"}],"version-history":[{"count":10,"href":"https:\/\/www.nierenzentrum-rheintal.ch\/index.php?rest_route=\/wp\/v2\/pages\/31\/revisions"}],"predecessor-version":[{"id":634,"href":"https:\/\/www.nierenzentrum-rheintal.ch\/index.php?rest_route=\/wp\/v2\/pages\/31\/revisions\/634"}],"up":[{"embeddable":true,"href":"https:\/\/www.nierenzentrum-rheintal.ch\/index.php?rest_route=\/wp\/v2\/pages\/20"}],"wp:attachment":[{"href":"https:\/\/www.nierenzentrum-rheintal.ch\/index.php?rest_route=%2Fwp%2Fv2%2Fmedia&parent=31"}],"curies":[{"name":"wp","href":"https:\/\/api.w.org\/{rel}","templated":true}]}}